{"id":73,"date":"2018-10-23T08:32:35","date_gmt":"2018-10-23T08:32:35","guid":{"rendered":"http:\/\/www.tandler.pl\/?page_id=73"},"modified":"2021-07-08T22:35:05","modified_gmt":"2021-07-08T20:35:05","slug":"contact","status":"publish","type":"page","link":"https:\/\/tandler.pl\/?page_id=73","title":{"rendered":"Kontakt"},"content":{"rendered":"\t\t<div data-elementor-type=\"wp-post\" data-elementor-id=\"73\" class=\"elementor elementor-73\" data-elementor-settings=\"[]\">\n\t\t\t\t\t\t<div class=\"elementor-inner\">\n\t\t\t\t\t\t\t<div class=\"elementor-section-wrap\">\n\t\t\t\t\t\t\t<section class=\"has_eae_slider elementor-section elementor-top-section elementor-element elementor-element-5d97b0fb elementor-section-boxed elementor-section-height-default elementor-section-height-default\" data-id=\"5d97b0fb\" data-element_type=\"section\">\n\t\t\t\t\t\t<div class=\"elementor-container elementor-column-gap-default\">\n\t\t\t\t\t\t\t<div class=\"elementor-row\">\n\t\t\t\t\t<div class=\"has_eae_slider elementor-column elementor-col-100 elementor-top-column elementor-element elementor-element-6189cdb9\" data-id=\"6189cdb9\" data-element_type=\"column\">\n\t\t\t<div class=\"elementor-column-wrap elementor-element-populated\">\n\t\t\t\t\t\t\t<div class=\"elementor-widget-wrap\">\n\t\t\t\t\t\t<div class=\"elementor-element elementor-element-658bb9a elementor-widget elementor-widget-heading\" data-id=\"658bb9a\" data-element_type=\"widget\" data-widget_type=\"heading.default\">\n\t\t\t\t<div class=\"elementor-widget-container\">\n\t\t\t<h2 class=\"elementor-heading-title elementor-size-default\">Popro\u015b o osobist\u0105 ofert\u0119 ju\u017c teraz!\n<\/h2>\t\t<\/div>\n\t\t\t\t<\/div>\n\t\t\t\t<div class=\"elementor-element elementor-element-dfb3ac2 elementor-widget elementor-widget-text-editor\" data-id=\"dfb3ac2\" data-element_type=\"widget\" data-widget_type=\"text-editor.default\">\n\t\t\t\t<div class=\"elementor-widget-container\">\n\t\t\t\t\t\t\t\t<div class=\"elementor-text-editor elementor-clearfix\">\n\t\t\t\t<p>Czy masz jakie\u015b pytania dotycz\u0105ce naszych produkt\u00f3w i us\u0142ug, czy chcia\u0142by\u015b otrzyma\u0107 bezp\u0142atn\u0105 porad\u0119 do indywidualnego zadania?<\/p>\t\t\t\t\t<\/div>\n\t\t\t\t\t\t<\/div>\n\t\t\t\t<\/div>\n\t\t\t\t\t\t<\/div>\n\t\t\t\t\t<\/div>\n\t\t<\/div>\n\t\t\t\t\t\t\t\t<\/div>\n\t\t\t\t\t<\/div>\n\t\t<\/section>\n\t\t\t\t\t\t<\/div>\n\t\t\t\t\t\t<\/div>\n\t\t\t\t\t<\/div>\n\t\t","protected":false},"excerpt":{"rendered":"<p>Popro\u015b o osobist\u0105 ofert\u0119 ju\u017c teraz! Czy masz jakie\u015b pytania dotycz\u0105ce naszych produkt\u00f3w i us\u0142ug, czy chcia\u0142by\u015b otrzyma\u0107 bezp\u0142atn\u0105 porad\u0119 do indywidualnego zadania? Twoje imi\u0119 Tw\u00f3j email Temat Twoja wiadomo\u015bci (opcja)<\/p>\n","protected":false},"author":1,"featured_media":0,"parent":0,"menu_order":0,"comment_status":"closed","ping_status":"closed","template":"","meta":{"wp_mapbox_gl_js_media":[],"spay_email":""},"yoast_head":"<!-- This site is optimized with the Yoast SEO plugin v17.2.1 - https:\/\/yoast.com\/wordpress\/plugins\/seo\/ -->\n<title>Kontakt - Tandler Polska<\/title>\n<meta name=\"robots\" content=\"index, follow, max-snippet:-1, max-image-preview:large, max-video-preview:-1\" \/>\n<link rel=\"canonical\" href=\"https:\/\/tandler.pl\/?page_id=73\" \/>\n<meta property=\"og:locale\" content=\"pl_PL\" \/>\n<meta property=\"og:type\" content=\"article\" \/>\n<meta property=\"og:title\" content=\"Kontakt - Tandler Polska\" \/>\n<meta property=\"og:description\" content=\"Popro\u015b o osobist\u0105 ofert\u0119 ju\u017c teraz! Czy masz jakie\u015b pytania dotycz\u0105ce naszych produkt\u00f3w i us\u0142ug, czy chcia\u0142by\u015b otrzyma\u0107 bezp\u0142atn\u0105 porad\u0119 do indywidualnego zadania? Twoje imi\u0119 Tw\u00f3j email Temat Twoja wiadomo\u015bci (opcja)\" \/>\n<meta property=\"og:url\" content=\"https:\/\/tandler.pl\/?page_id=73\" \/>\n<meta property=\"og:site_name\" content=\"Tandler Polska\" \/>\n<meta property=\"article:modified_time\" content=\"2021-07-08T20:35:05+00:00\" \/>\n<meta name=\"twitter:card\" content=\"summary_large_image\" \/>\n<script type=\"application\/ld+json\" class=\"yoast-schema-graph\">{\"@context\":\"https:\/\/schema.org\",\"@graph\":[{\"@type\":\"WebSite\",\"@id\":\"https:\/\/tandler.pl\/#website\",\"url\":\"https:\/\/tandler.pl\/\",\"name\":\"Tandler Polska\",\"description\":\"PRODUCENT PRZEK\\u0141ADNI I ELEMENT\\u00d3W UZ\\u0118BIONYCH\",\"potentialAction\":[{\"@type\":\"SearchAction\",\"target\":{\"@type\":\"EntryPoint\",\"urlTemplate\":\"https:\/\/tandler.pl\/?s={search_term_string}\"},\"query-input\":\"required name=search_term_string\"}],\"inLanguage\":\"pl-PL\"},{\"@type\":\"WebPage\",\"@id\":\"https:\/\/tandler.pl\/?page_id=73#webpage\",\"url\":\"https:\/\/tandler.pl\/?page_id=73\",\"name\":\"Kontakt - Tandler Polska\",\"isPartOf\":{\"@id\":\"https:\/\/tandler.pl\/#website\"},\"datePublished\":\"2018-10-23T08:32:35+00:00\",\"dateModified\":\"2021-07-08T20:35:05+00:00\",\"breadcrumb\":{\"@id\":\"https:\/\/tandler.pl\/?page_id=73#breadcrumb\"},\"inLanguage\":\"pl-PL\",\"potentialAction\":[{\"@type\":\"ReadAction\",\"target\":[\"https:\/\/tandler.pl\/?page_id=73\"]}]},{\"@type\":\"BreadcrumbList\",\"@id\":\"https:\/\/tandler.pl\/?page_id=73#breadcrumb\",\"itemListElement\":[{\"@type\":\"ListItem\",\"position\":1,\"name\":\"Strona g\\u0142\\u00f3wna\",\"item\":\"https:\/\/tandler.pl\/\"},{\"@type\":\"ListItem\",\"position\":2,\"name\":\"Kontakt\"}]}]}<\/script>\n<!-- \/ Yoast SEO plugin. -->","yoast_head_json":{"title":"Kontakt - Tandler Polska","robots":{"index":"index","follow":"follow","max-snippet":"max-snippet:-1","max-image-preview":"max-image-preview:large","max-video-preview":"max-video-preview:-1"},"canonical":"https:\/\/tandler.pl\/?page_id=73","og_locale":"pl_PL","og_type":"article","og_title":"Kontakt - Tandler Polska","og_description":"Popro\u015b o osobist\u0105 ofert\u0119 ju\u017c teraz! Czy masz jakie\u015b pytania dotycz\u0105ce naszych produkt\u00f3w i us\u0142ug, czy chcia\u0142by\u015b otrzyma\u0107 bezp\u0142atn\u0105 porad\u0119 do indywidualnego zadania? Twoje imi\u0119 Tw\u00f3j email Temat Twoja wiadomo\u015bci (opcja)","og_url":"https:\/\/tandler.pl\/?page_id=73","og_site_name":"Tandler Polska","article_modified_time":"2021-07-08T20:35:05+00:00","twitter_card":"summary_large_image","schema":{"@context":"https:\/\/schema.org","@graph":[{"@type":"WebSite","@id":"https:\/\/tandler.pl\/#website","url":"https:\/\/tandler.pl\/","name":"Tandler Polska","description":"PRODUCENT PRZEK\u0141ADNI I ELEMENT\u00d3W UZ\u0118BIONYCH","potentialAction":[{"@type":"SearchAction","target":{"@type":"EntryPoint","urlTemplate":"https:\/\/tandler.pl\/?s={search_term_string}"},"query-input":"required name=search_term_string"}],"inLanguage":"pl-PL"},{"@type":"WebPage","@id":"https:\/\/tandler.pl\/?page_id=73#webpage","url":"https:\/\/tandler.pl\/?page_id=73","name":"Kontakt - Tandler Polska","isPartOf":{"@id":"https:\/\/tandler.pl\/#website"},"datePublished":"2018-10-23T08:32:35+00:00","dateModified":"2021-07-08T20:35:05+00:00","breadcrumb":{"@id":"https:\/\/tandler.pl\/?page_id=73#breadcrumb"},"inLanguage":"pl-PL","potentialAction":[{"@type":"ReadAction","target":["https:\/\/tandler.pl\/?page_id=73"]}]},{"@type":"BreadcrumbList","@id":"https:\/\/tandler.pl\/?page_id=73#breadcrumb","itemListElement":[{"@type":"ListItem","position":1,"name":"Strona g\u0142\u00f3wna","item":"https:\/\/tandler.pl\/"},{"@type":"ListItem","position":2,"name":"Kontakt"}]}]}},"jetpack-related-posts":[{"id":95,"url":"https:\/\/tandler.pl\/?page_id=95","url_meta":{"origin":73,"position":0},"title":"Przek\u0142adnie","date":"24 pa\u017adziernika 2018","format":false,"excerpt":"Precyzyjne przek\u0142adne mechaniczne z Niemiec od 1949 roku Wszystkie nasze przek\u0142adnie z\u0119bate charakteryzuj\u0105 si\u0119 najwy\u017csz\u0105 dok\u0142adno\u015bci\u0105, minimalnym luzem i wyj\u0105tkow\u0105 trwa\u0142o\u015bci\u0105. Oferujemy prawie nieograniczone opcje kombinacji, opcje specjalne i nowe rozwi\u0105zania zgodne z wymaganiami klienta. Przek\u0142adnie sto\u017ckoweNasze precyzyjne przek\u0142adnie z\u0119bate sto\u017ckowe s\u0105 ciche, niewra\u017cliwe na wstrz\u0105sy, bardzo trwa\u0142e i zajmuj\u0105\u2026","rel":"","context":"Similar post","img":{"alt_text":"","src":"https:\/\/i2.wp.com\/www.tandler.pl\/wp-content\/uploads\/2020\/07\/ersatzteile_reparatur_wartung_header.jpg?resize=350%2C200","width":350,"height":200},"classes":[]},{"id":195,"url":"https:\/\/tandler.pl\/","url_meta":{"origin":73,"position":1},"title":"Home","date":"23 pa\u017adziernika 2018","format":false,"excerpt":"Producent przek\u0142adni i element\u00f3w uz\u0119bionych Producent przek\u0142adni i k\u00f3\u0142 z\u0119batych o maksymalnej \u017cywotno\u015bci i precyzji. Przek\u0142adnie z\u0119bateWsz\u0119dzie tam gdzie ruchy obrotowe musz\u0105 by\u0107 precyzyjnie przenoszone, konieczne jest zastosowanie przek\u0142adni. Przek\u0142adnie seryjne Tandler mozna \u0142\u0105czy\u0107 i modyfikowa\u0107, co daje u\u017cytkownikowi du\u017c\u0105 elastyczno\u015b\u0107. Przek\u0142adnie Przek\u0142adnie specjalneFirma Tandler dostarcza przek\u0142adnie specjalne na podstawie\u2026","rel":"","context":"Similar post","img":{"alt_text":"","src":"https:\/\/i1.wp.com\/www.tandler.pl\/wp-content\/uploads\/2020\/04\/Tandler_Startseite_Header2.jpg?resize=350%2C200","width":350,"height":200},"classes":[]}],"jetpack_shortlink":"https:\/\/wp.me\/PcaASd-1b","_links":{"self":[{"href":"https:\/\/tandler.pl\/index.php?rest_route=\/wp\/v2\/pages\/73"}],"collection":[{"href":"https:\/\/tandler.pl\/index.php?rest_route=\/wp\/v2\/pages"}],"about":[{"href":"https:\/\/tandler.pl\/index.php?rest_route=\/wp\/v2\/types\/page"}],"author":[{"embeddable":true,"href":"https:\/\/tandler.pl\/index.php?rest_route=\/wp\/v2\/users\/1"}],"replies":[{"embeddable":true,"href":"https:\/\/tandler.pl\/index.php?rest_route=%2Fwp%2Fv2%2Fcomments&post=73"}],"version-history":[{"count":13,"href":"https:\/\/tandler.pl\/index.php?rest_route=\/wp\/v2\/pages\/73\/revisions"}],"predecessor-version":[{"id":1023,"href":"https:\/\/tandler.pl\/index.php?rest_route=\/wp\/v2\/pages\/73\/revisions\/1023"}],"wp:attachment":[{"href":"https:\/\/tandler.pl\/index.php?rest_route=%2Fwp%2Fv2%2Fmedia&parent=73"}],"curies":[{"name":"wp","href":"https:\/\/api.w.org\/{rel}","templated":true}]}}